{"id":416,"date":"2019-09-08T06:25:39","date_gmt":"2019-09-08T06:25:39","guid":{"rendered":"http:\/\/sp2pha.stegna.org\/?page_id=416"},"modified":"2021-02-27T04:52:29","modified_gmt":"2021-02-27T04:52:29","slug":"spotkania","status":"publish","type":"page","link":"http:\/\/sp2pha.stegna.org\/?page_id=416","title":{"rendered":"Wydarzenia &#8211; Spotkania"},"content":{"rendered":"\n<p>2019 Le\u015bnicz\u00f3wka Wilki k.Sztumu, Spotkanie OT16 PZK<\/p>\n\n\n\n<ul class=\"wp-block-gallery columns-3 is-cropped wp-block-gallery-1 is-layout-flex\"><li class=\"blocks-gallery-item\"><figure><a href=\"http:\/\/sp2pha.stegna.org\/wp-content\/uploads\/2019\/09\/20190831_111401-1024x768.jpg\"><img decoding=\"async\" loading=\"lazy\" width=\"1024\" height=\"768\" src=\"http:\/\/sp2pha.stegna.org\/wp-content\/uploads\/2019\/09\/20190831_111401-1024x768.jpg\" alt=\"\" data-id=\"419\" data-link=\"http:\/\/sp2pha.stegna.org\/?attachment_id=419\" class=\"wp-image-419\" srcset=\"http:\/\/sp2pha.stegna.org\/wp-content\/uploads\/2019\/09\/20190831_111401-1024x768.jpg 1024w, http:\/\/sp2pha.stegna.org\/wp-content\/uploads\/2019\/09\/20190831_111401-300x225.jpg 300w, http:\/\/sp2pha.stegna.org\/wp-content\/uploads\/2019\/09\/20190831_111401-768x576.jpg 768w\" sizes=\"(max-width: 767px) 89vw, (max-width: 1000px) 54vw, (max-width: 1071px) 543px, 580px\" \/><\/a><\/figure><\/li><li class=\"blocks-gallery-item\"><figure><a href=\"http:\/\/sp2pha.stegna.org\/wp-content\/uploads\/2019\/09\/20190831_113840-1024x768.jpg\"><img decoding=\"async\" loading=\"lazy\" width=\"1024\" height=\"768\" src=\"http:\/\/sp2pha.stegna.org\/wp-content\/uploads\/2019\/09\/20190831_113840-1024x768.jpg\" alt=\"\" data-id=\"420\" data-link=\"http:\/\/sp2pha.stegna.org\/?attachment_id=420\" class=\"wp-image-420\" srcset=\"http:\/\/sp2pha.stegna.org\/wp-content\/uploads\/2019\/09\/20190831_113840-1024x768.jpg 1024w, http:\/\/sp2pha.stegna.org\/wp-content\/uploads\/2019\/09\/20190831_113840-300x225.jpg 300w, http:\/\/sp2pha.stegna.org\/wp-content\/uploads\/2019\/09\/20190831_113840-768x576.jpg 768w\" sizes=\"(max-width: 767px) 89vw, (max-width: 1000px) 54vw, (max-width: 1071px) 543px, 580px\" \/><\/a><\/figure><\/li><li class=\"blocks-gallery-item\"><figure><a href=\"http:\/\/sp2pha.stegna.org\/wp-content\/uploads\/2019\/09\/20190831_113914-1024x768.jpg\"><img decoding=\"async\" loading=\"lazy\" width=\"1024\" height=\"768\" src=\"http:\/\/sp2pha.stegna.org\/wp-content\/uploads\/2019\/09\/20190831_113914-1024x768.jpg\" alt=\"\" data-id=\"421\" data-link=\"http:\/\/sp2pha.stegna.org\/?attachment_id=421\" class=\"wp-image-421\" srcset=\"http:\/\/sp2pha.stegna.org\/wp-content\/uploads\/2019\/09\/20190831_113914-1024x768.jpg 1024w, http:\/\/sp2pha.stegna.org\/wp-content\/uploads\/2019\/09\/20190831_113914-300x225.jpg 300w, http:\/\/sp2pha.stegna.org\/wp-content\/uploads\/2019\/09\/20190831_113914-768x576.jpg 768w\" sizes=\"(max-width: 767px) 89vw, (max-width: 1000px) 54vw, (max-width: 1071px) 543px, 580px\" \/><\/a><\/figure><\/li><li class=\"blocks-gallery-item\"><figure><a href=\"http:\/\/sp2pha.stegna.org\/wp-content\/uploads\/2019\/09\/20190831_115608-1024x768.jpg\"><img decoding=\"async\" loading=\"lazy\" width=\"1024\" height=\"768\" src=\"http:\/\/sp2pha.stegna.org\/wp-content\/uploads\/2019\/09\/20190831_115608-1024x768.jpg\" alt=\"\" data-id=\"423\" data-link=\"http:\/\/sp2pha.stegna.org\/?attachment_id=423\" class=\"wp-image-423\" srcset=\"http:\/\/sp2pha.stegna.org\/wp-content\/uploads\/2019\/09\/20190831_115608-1024x768.jpg 1024w, http:\/\/sp2pha.stegna.org\/wp-content\/uploads\/2019\/09\/20190831_115608-300x225.jpg 300w, http:\/\/sp2pha.stegna.org\/wp-content\/uploads\/2019\/09\/20190831_115608-768x576.jpg 768w\" sizes=\"(max-width: 767px) 89vw, (max-width: 1000px) 54vw, (max-width: 1071px) 543px, 580px\" \/><\/a><\/figure><\/li><li class=\"blocks-gallery-item\"><figure><a href=\"http:\/\/sp2pha.stegna.org\/wp-content\/uploads\/2019\/09\/20190831_121005-1024x768.jpg\"><img decoding=\"async\" loading=\"lazy\" width=\"1024\" height=\"768\" src=\"http:\/\/sp2pha.stegna.org\/wp-content\/uploads\/2019\/09\/20190831_121005-1024x768.jpg\" alt=\"\" data-id=\"424\" data-link=\"http:\/\/sp2pha.stegna.org\/?attachment_id=424\" class=\"wp-image-424\" srcset=\"http:\/\/sp2pha.stegna.org\/wp-content\/uploads\/2019\/09\/20190831_121005-1024x768.jpg 1024w, http:\/\/sp2pha.stegna.org\/wp-content\/uploads\/2019\/09\/20190831_121005-300x225.jpg 300w, http:\/\/sp2pha.stegna.org\/wp-content\/uploads\/2019\/09\/20190831_121005-768x576.jpg 768w\" sizes=\"(max-width: 767px) 89vw, (max-width: 1000px) 54vw, (max-width: 1071px) 543px, 580px\" \/><\/a><\/figure><\/li><li class=\"blocks-gallery-item\"><figure><a href=\"http:\/\/sp2pha.stegna.org\/wp-content\/uploads\/2019\/09\/20190831_125034-1024x768.jpg\"><img decoding=\"async\" loading=\"lazy\" width=\"1024\" height=\"768\" src=\"http:\/\/sp2pha.stegna.org\/wp-content\/uploads\/2019\/09\/20190831_125034-1024x768.jpg\" alt=\"\" data-id=\"426\" data-link=\"http:\/\/sp2pha.stegna.org\/?attachment_id=426\" class=\"wp-image-426\" srcset=\"http:\/\/sp2pha.stegna.org\/wp-content\/uploads\/2019\/09\/20190831_125034-1024x768.jpg 1024w, http:\/\/sp2pha.stegna.org\/wp-content\/uploads\/2019\/09\/20190831_125034-300x225.jpg 300w, http:\/\/sp2pha.stegna.org\/wp-content\/uploads\/2019\/09\/20190831_125034-768x576.jpg 768w\" sizes=\"(max-width: 767px) 89vw, (max-width: 1000px) 54vw, (max-width: 1071px) 543px, 580px\" \/><\/a><\/figure><\/li><li class=\"blocks-gallery-item\"><figure><a href=\"http:\/\/sp2pha.stegna.org\/wp-content\/uploads\/2019\/09\/20190831_130635-1024x768.jpg\"><img decoding=\"async\" loading=\"lazy\" width=\"1024\" height=\"768\" src=\"http:\/\/sp2pha.stegna.org\/wp-content\/uploads\/2019\/09\/20190831_130635-1024x768.jpg\" alt=\"\" data-id=\"428\" data-link=\"http:\/\/sp2pha.stegna.org\/?attachment_id=428\" class=\"wp-image-428\" srcset=\"http:\/\/sp2pha.stegna.org\/wp-content\/uploads\/2019\/09\/20190831_130635-1024x768.jpg 1024w, http:\/\/sp2pha.stegna.org\/wp-content\/uploads\/2019\/09\/20190831_130635-300x225.jpg 300w, http:\/\/sp2pha.stegna.org\/wp-content\/uploads\/2019\/09\/20190831_130635-768x576.jpg 768w\" sizes=\"(max-width: 767px) 89vw, (max-width: 1000px) 54vw, (max-width: 1071px) 543px, 580px\" \/><\/a><\/figure><\/li><li class=\"blocks-gallery-item\"><figure><a href=\"http:\/\/sp2pha.stegna.org\/wp-content\/uploads\/2019\/09\/20190831_154831-1024x768.jpg\"><img decoding=\"async\" loading=\"lazy\" width=\"1024\" height=\"768\" src=\"http:\/\/sp2pha.stegna.org\/wp-content\/uploads\/2019\/09\/20190831_154831-1024x768.jpg\" alt=\"\" data-id=\"430\" data-link=\"http:\/\/sp2pha.stegna.org\/?attachment_id=430\" class=\"wp-image-430\" srcset=\"http:\/\/sp2pha.stegna.org\/wp-content\/uploads\/2019\/09\/20190831_154831-1024x768.jpg 1024w, http:\/\/sp2pha.stegna.org\/wp-content\/uploads\/2019\/09\/20190831_154831-300x225.jpg 300w, http:\/\/sp2pha.stegna.org\/wp-content\/uploads\/2019\/09\/20190831_154831-768x576.jpg 768w\" sizes=\"(max-width: 767px) 89vw, (max-width: 1000px) 54vw, (max-width: 1071px) 543px, 580px\" \/><\/a><\/figure><\/li><li class=\"blocks-gallery-item\"><figure><a href=\"http:\/\/sp2pha.stegna.org\/wp-content\/uploads\/2019\/09\/DSCF0062-1024x683.jpg\"><img decoding=\"async\" loading=\"lazy\" width=\"1024\" height=\"683\" src=\"http:\/\/sp2pha.stegna.org\/wp-content\/uploads\/2019\/09\/DSCF0062-1024x683.jpg\" alt=\"\" data-id=\"431\" data-link=\"http:\/\/sp2pha.stegna.org\/?attachment_id=431\" class=\"wp-image-431\" srcset=\"http:\/\/sp2pha.stegna.org\/wp-content\/uploads\/2019\/09\/DSCF0062-1024x683.jpg 1024w, http:\/\/sp2pha.stegna.org\/wp-content\/uploads\/2019\/09\/DSCF0062-300x200.jpg 300w, http:\/\/sp2pha.stegna.org\/wp-content\/uploads\/2019\/09\/DSCF0062-768x512.jpg 768w, http:\/\/sp2pha.stegna.org\/wp-content\/uploads\/2019\/09\/DSCF0062.jpg 1600w\" sizes=\"(max-width: 767px) 89vw, (max-width: 1000px) 54vw, (max-width: 1071px) 543px, 580px\" \/><\/a><\/figure><\/li><li class=\"blocks-gallery-item\"><figure><a href=\"http:\/\/sp2pha.stegna.org\/wp-content\/uploads\/2019\/09\/DSCF0075-1024x684.jpg\"><img decoding=\"async\" loading=\"lazy\" width=\"1024\" height=\"684\" src=\"http:\/\/sp2pha.stegna.org\/wp-content\/uploads\/2019\/09\/DSCF0075-1024x684.jpg\" alt=\"\" data-id=\"432\" data-link=\"http:\/\/sp2pha.stegna.org\/?attachment_id=432\" class=\"wp-image-432\" srcset=\"http:\/\/sp2pha.stegna.org\/wp-content\/uploads\/2019\/09\/DSCF0075-1024x684.jpg 1024w, http:\/\/sp2pha.stegna.org\/wp-content\/uploads\/2019\/09\/DSCF0075-300x200.jpg 300w, http:\/\/sp2pha.stegna.org\/wp-content\/uploads\/2019\/09\/DSCF0075-768x513.jpg 768w, http:\/\/sp2pha.stegna.org\/wp-content\/uploads\/2019\/09\/DSCF0075.jpg 1600w\" sizes=\"(max-width: 767px) 89vw, (max-width: 1000px) 54vw, (max-width: 1071px) 543px, 580px\" \/><\/a><\/figure><\/li><\/ul>\n\n\n\n<p>2019 Rumia, XV Kaszubskie Spotkanie Kr\u00f3tkofalowc\u00f3w<\/p>\n\n\n\n<ul class=\"wp-block-gallery columns-3 is-cropped wp-block-gallery-3 is-layout-flex\"><li class=\"blocks-gallery-item\"><figure><a href=\"http:\/\/sp2pha.stegna.org\/wp-content\/uploads\/2019\/09\/20190907_161946-1-1024x768.jpg\"><img decoding=\"async\" loading=\"lazy\" width=\"1024\" height=\"768\" src=\"http:\/\/sp2pha.stegna.org\/wp-content\/uploads\/2019\/09\/20190907_161946-1-1024x768.jpg\" alt=\"\" data-id=\"440\" data-link=\"http:\/\/sp2pha.stegna.org\/?attachment_id=440\" class=\"wp-image-440\" srcset=\"http:\/\/sp2pha.stegna.org\/wp-content\/uploads\/2019\/09\/20190907_161946-1-1024x768.jpg 1024w, http:\/\/sp2pha.stegna.org\/wp-content\/uploads\/2019\/09\/20190907_161946-1-300x225.jpg 300w, http:\/\/sp2pha.stegna.org\/wp-content\/uploads\/2019\/09\/20190907_161946-1-768x576.jpg 768w\" sizes=\"(max-width: 767px) 89vw, (max-width: 1000px) 54vw, (max-width: 1071px) 543px, 580px\" \/><\/a><\/figure><\/li><li class=\"blocks-gallery-item\"><figure><a href=\"http:\/\/sp2pha.stegna.org\/wp-content\/uploads\/2019\/09\/20190907_163232-1-1024x768.jpg\"><img decoding=\"async\" loading=\"lazy\" width=\"1024\" height=\"768\" src=\"http:\/\/sp2pha.stegna.org\/wp-content\/uploads\/2019\/09\/20190907_163232-1-1024x768.jpg\" alt=\"\" data-id=\"441\" data-link=\"http:\/\/sp2pha.stegna.org\/?attachment_id=441\" class=\"wp-image-441\" srcset=\"http:\/\/sp2pha.stegna.org\/wp-content\/uploads\/2019\/09\/20190907_163232-1-1024x768.jpg 1024w, http:\/\/sp2pha.stegna.org\/wp-content\/uploads\/2019\/09\/20190907_163232-1-300x225.jpg 300w, http:\/\/sp2pha.stegna.org\/wp-content\/uploads\/2019\/09\/20190907_163232-1-768x576.jpg 768w\" sizes=\"(max-width: 767px) 89vw, (max-width: 1000px) 54vw, (max-width: 1071px) 543px, 580px\" \/><\/a><\/figure><\/li><li class=\"blocks-gallery-item\"><figure><a href=\"http:\/\/sp2pha.stegna.org\/wp-content\/uploads\/2019\/09\/20190907_164508-1-1024x768.jpg\"><img decoding=\"async\" loading=\"lazy\" width=\"1024\" height=\"768\" src=\"http:\/\/sp2pha.stegna.org\/wp-content\/uploads\/2019\/09\/20190907_164508-1-1024x768.jpg\" alt=\"\" data-id=\"442\" data-link=\"http:\/\/sp2pha.stegna.org\/?attachment_id=442\" class=\"wp-image-442\" srcset=\"http:\/\/sp2pha.stegna.org\/wp-content\/uploads\/2019\/09\/20190907_164508-1-1024x768.jpg 1024w, http:\/\/sp2pha.stegna.org\/wp-content\/uploads\/2019\/09\/20190907_164508-1-300x225.jpg 300w, http:\/\/sp2pha.stegna.org\/wp-content\/uploads\/2019\/09\/20190907_164508-1-768x576.jpg 768w\" sizes=\"(max-width: 767px) 89vw, (max-width: 1000px) 54vw, (max-width: 1071px) 543px, 580px\" \/><\/a><\/figure><\/li><li class=\"blocks-gallery-item\"><figure><a href=\"http:\/\/sp2pha.stegna.org\/wp-content\/uploads\/2019\/09\/20190907_165426-1-1024x768.jpg\"><img decoding=\"async\" loading=\"lazy\" width=\"1024\" height=\"768\" src=\"http:\/\/sp2pha.stegna.org\/wp-content\/uploads\/2019\/09\/20190907_165426-1-1024x768.jpg\" alt=\"\" data-id=\"443\" data-link=\"http:\/\/sp2pha.stegna.org\/?attachment_id=443\" class=\"wp-image-443\" srcset=\"http:\/\/sp2pha.stegna.org\/wp-content\/uploads\/2019\/09\/20190907_165426-1-1024x768.jpg 1024w, http:\/\/sp2pha.stegna.org\/wp-content\/uploads\/2019\/09\/20190907_165426-1-300x225.jpg 300w, http:\/\/sp2pha.stegna.org\/wp-content\/uploads\/2019\/09\/20190907_165426-1-768x576.jpg 768w\" sizes=\"(max-width: 767px) 89vw, (max-width: 1000px) 54vw, (max-width: 1071px) 543px, 580px\" \/><\/a><\/figure><\/li><li class=\"blocks-gallery-item\"><figure><a href=\"http:\/\/sp2pha.stegna.org\/wp-content\/uploads\/2019\/09\/20190907_165650-1024x768.jpg\"><img decoding=\"async\" loading=\"lazy\" width=\"1024\" height=\"768\" src=\"http:\/\/sp2pha.stegna.org\/wp-content\/uploads\/2019\/09\/20190907_165650-1024x768.jpg\" alt=\"\" data-id=\"444\" data-link=\"http:\/\/sp2pha.stegna.org\/?attachment_id=444\" class=\"wp-image-444\" srcset=\"http:\/\/sp2pha.stegna.org\/wp-content\/uploads\/2019\/09\/20190907_165650-1024x768.jpg 1024w, http:\/\/sp2pha.stegna.org\/wp-content\/uploads\/2019\/09\/20190907_165650-300x225.jpg 300w, http:\/\/sp2pha.stegna.org\/wp-content\/uploads\/2019\/09\/20190907_165650-768x576.jpg 768w\" sizes=\"(max-width: 767px) 89vw, (max-width: 1000px) 54vw, (max-width: 1071px) 543px, 580px\" \/><\/a><\/figure><\/li><li class=\"blocks-gallery-item\"><figure><a href=\"http:\/\/sp2pha.stegna.org\/wp-content\/uploads\/2019\/09\/20190907_165750-1-1024x768.jpg\"><img decoding=\"async\" loading=\"lazy\" width=\"1024\" height=\"768\" src=\"http:\/\/sp2pha.stegna.org\/wp-content\/uploads\/2019\/09\/20190907_165750-1-1024x768.jpg\" alt=\"\" data-id=\"445\" data-link=\"http:\/\/sp2pha.stegna.org\/?attachment_id=445\" class=\"wp-image-445\" srcset=\"http:\/\/sp2pha.stegna.org\/wp-content\/uploads\/2019\/09\/20190907_165750-1-1024x768.jpg 1024w, http:\/\/sp2pha.stegna.org\/wp-content\/uploads\/2019\/09\/20190907_165750-1-300x225.jpg 300w, http:\/\/sp2pha.stegna.org\/wp-content\/uploads\/2019\/09\/20190907_165750-1-768x576.jpg 768w\" sizes=\"(max-width: 767px) 89vw, (max-width: 1000px) 54vw, (max-width: 1071px) 543px, 580px\" \/><\/a><\/figure><\/li><li class=\"blocks-gallery-item\"><figure><a href=\"http:\/\/sp2pha.stegna.org\/wp-content\/uploads\/2019\/09\/20190907_180906-1-1024x768.jpg\"><img decoding=\"async\" loading=\"lazy\" width=\"1024\" height=\"768\" src=\"http:\/\/sp2pha.stegna.org\/wp-content\/uploads\/2019\/09\/20190907_180906-1-1024x768.jpg\" alt=\"\" data-id=\"446\" data-link=\"http:\/\/sp2pha.stegna.org\/?attachment_id=446\" class=\"wp-image-446\" srcset=\"http:\/\/sp2pha.stegna.org\/wp-content\/uploads\/2019\/09\/20190907_180906-1-1024x768.jpg 1024w, http:\/\/sp2pha.stegna.org\/wp-content\/uploads\/2019\/09\/20190907_180906-1-300x225.jpg 300w, http:\/\/sp2pha.stegna.org\/wp-content\/uploads\/2019\/09\/20190907_180906-1-768x576.jpg 768w\" sizes=\"(max-width: 767px) 89vw, (max-width: 1000px) 54vw, (max-width: 1071px) 543px, 580px\" \/><\/a><\/figure><\/li><\/ul>\n","protected":false},"excerpt":{"rendered":"<p>2019 Le\u015bnicz\u00f3wka Wilki k.Sztumu, Spotkanie OT16 PZK 2019 Rumia, XV Kaszubskie Spotkanie Kr\u00f3tkofalowc\u00f3w<\/p>\n","protected":false},"author":1,"featured_media":0,"parent":0,"menu_order":0,"comment_status":"closed","ping_status":"closed","template":"","meta":[],"_links":{"self":[{"href":"http:\/\/sp2pha.stegna.org\/index.php?rest_route=\/wp\/v2\/pages\/416"}],"collection":[{"href":"http:\/\/sp2pha.stegna.org\/index.php?rest_route=\/wp\/v2\/pages"}],"about":[{"href":"http:\/\/sp2pha.stegna.org\/index.php?rest_route=\/wp\/v2\/types\/page"}],"author":[{"embeddable":true,"href":"http:\/\/sp2pha.stegna.org\/index.php?rest_route=\/wp\/v2\/users\/1"}],"replies":[{"embeddable":true,"href":"http:\/\/sp2pha.stegna.org\/index.php?rest_route=%2Fwp%2Fv2%2Fcomments&post=416"}],"version-history":[{"count":7,"href":"http:\/\/sp2pha.stegna.org\/index.php?rest_route=\/wp\/v2\/pages\/416\/revisions"}],"predecessor-version":[{"id":823,"href":"http:\/\/sp2pha.stegna.org\/index.php?rest_route=\/wp\/v2\/pages\/416\/revisions\/823"}],"wp:attachment":[{"href":"http:\/\/sp2pha.stegna.org\/index.php?rest_route=%2Fwp%2Fv2%2Fmedia&parent=416"}],"curies":[{"name":"wp","href":"https:\/\/api.w.org\/{rel}","templated":true}]}}